{"id":53696,"date":"2025-03-20T09:33:13","date_gmt":"2025-03-20T08:33:13","guid":{"rendered":"https:\/\/thesmartcombustion.com\/ga-zro2\/"},"modified":"2025-04-01T16:50:06","modified_gmt":"2025-04-01T14:50:06","slug":"analyseur-ga-zro2","status":"publish","type":"page","link":"https:\/\/thesmartcombustion.com\/fr\/analyseur-ga-zro2\/","title":{"rendered":"GA-ZRO2"},"content":{"rendered":"<section class=\"wpb-content-wrapper\"><p>[vc_row css=\u00a0\u00bb.vc_custom_1701711122482{margin-top: 5vh !important;padding-bottom: 4vh !important;}\u00a0\u00bb][vc_column][vc_single_image image=\u00a0\u00bb25848&Prime; img_size=\u00a0\u00bblarge\u00a0\u00bb alignment=\u00a0\u00bbcenter\u00a0\u00bb][\/vc_column][\/vc_row][vc_row equal_height=\u00a0\u00bbyes\u00a0\u00bb content_placement=\u00a0\u00bbmiddle\u00a0\u00bb css=\u00a0\u00bb.vc_custom_1742316216088{padding-top: 1vh !important;}\u00a0\u00bb][vc_column width=\u00a0\u00bb2\/3&Prime;][vc_column_text]<\/p>\n<h2 style=\"text-align: center;\">ANALYSEUR<br \/>\nEN CONTINU<br \/>\nGA-ZRO2<br \/>\nUNIFLOW<\/h2>\n<h3 style=\"text-align: center;\"><\/h3>\n<p>[\/vc_column_text][\/vc_column][vc_column width=\u00a0\u00bb1\/3&Prime;][vc_single_image image=\u00a0\u00bb53353&Prime; img_size=\u00a0\u00bblarge\u00a0\u00bb alignment=\u00a0\u00bbcenter\u00a0\u00bb][\/vc_column][\/vc_row][vc_row full_width=\u00a0\u00bbstretch_row\u00a0\u00bb css=\u00a0\u00bb.vc_custom_1701711111449{margin-top: 0px !important;padding-top: 0px !important;padding-bottom: 3vh !important;background-color: #9c9c9c !important;}\u00a0\u00bb][vc_column width=\u00a0\u00bb1\/6&Prime;][\/vc_column][vc_column width=\u00a0\u00bb2\/3&Prime;][vc_empty_space height=\u00a0\u00bb22px\u00a0\u00bb][vc_column_text]<\/p>\n<h3 style=\"text-align: center;\"><img loading=\"lazy\" decoding=\"async\" class=\"aligncenter size-thumbnail wp-image-53572\" src=\"https:\/\/thesmartcombustion.com\/wp-content\/uploads\/2025\/03\/GAZRO2-UNIFLOW-icon-150x150.png\" alt=\"\" width=\"150\" height=\"150\" srcset=\"https:\/\/thesmartcombustion.com\/wp-content\/uploads\/2025\/03\/GAZRO2-UNIFLOW-icon-150x150.png 150w, https:\/\/thesmartcombustion.com\/wp-content\/uploads\/2025\/03\/GAZRO2-UNIFLOW-icon-85x85.png 85w, https:\/\/thesmartcombustion.com\/wp-content\/uploads\/2025\/03\/GAZRO2-UNIFLOW-icon-80x80.png 80w\" sizes=\"auto, (max-width:767px) 150px, 150px\" \/><span style=\"color: #ffffff;\">GA-ZRO2 mesure en continu<br \/>\nle pourcentage d&rsquo;oxyg\u00e8ne humide<br \/>\ngr\u00e2ce \u00e0 des fonctions simples<\/span><\/h3>\n<p>[\/vc_column_text][\/vc_column][vc_column width=\u00a0\u00bb1\/6&Prime;][\/vc_column][\/vc_row][vc_row full_width=\u00a0\u00bbstretch_row\u00a0\u00bb css=\u00a0\u00bb.vc_custom_1742296859876{margin-top: 0px !important;padding-top: 0px !important;padding-bottom: 3vh !important;}\u00a0\u00bb][vc_column width=\u00a0\u00bb1\/3&Prime;][vc_single_image image=\u00a0\u00bb53355&Prime; img_size=\u00a0\u00bblarge\u00a0\u00bb alignment=\u00a0\u00bbcenter\u00a0\u00bb][\/vc_column][vc_column width=\u00a0\u00bb1\/3&Prime;][vc_single_image image=\u00a0\u00bb53356&Prime; img_size=\u00a0\u00bblarge\u00a0\u00bb alignment=\u00a0\u00bbcenter\u00a0\u00bb][\/vc_column][vc_column width=\u00a0\u00bb1\/3&Prime;][vc_single_image image=\u00a0\u00bb53359&Prime; img_size=\u00a0\u00bblarge\u00a0\u00bb alignment=\u00a0\u00bbcenter\u00a0\u00bb][\/vc_column][\/vc_row][vc_row full_width=\u00a0\u00bbstretch_row\u00a0\u00bb content_placement=\u00a0\u00bbmiddle\u00a0\u00bb css=\u00a0\u00bb.vc_custom_1742374022821{margin-top: 0px !important;padding-top: 0px !important;padding-bottom: 3vh !important;}\u00a0\u00bb][vc_column][vc_column_text]<\/p>\n<h3 style=\"text-align: left;\"><\/h3>\n<h3 style=\"text-align: center;\">GA-ZRO2 Assurer une analyse continue de la la combustion<\/h3>\n<h3 style=\"text-align: center;\">Analyse les niveaux de combustion en continu garantissant une s\u00e9curit\u00e9 pr\u00e9dictive maximale<\/h3>\n<p>[\/vc_column_text][vc_empty_space][vc_row_inner][vc_column_inner width=\u00a0\u00bb1\/3&Prime;][vc_single_image image=\u00a0\u00bb53442&Prime; alignment=\u00a0\u00bbcenter\u00a0\u00bb][vc_column_text]<\/p>\n<h4 style=\"text-align: center;\">Les menus de mesure de l&rsquo;O2 \u2013 CO2<br \/>\net de l&rsquo;efficacit\u00e9 de la combustion sont int\u00e9gr\u00e9s<\/h4>\n<p>[\/vc_column_text][\/vc_column_inner][vc_column_inner width=\u00a0\u00bb1\/3&Prime;][vc_single_image image=\u00a0\u00bb53442&Prime; alignment=\u00a0\u00bbcenter\u00a0\u00bb][vc_column_text]<\/p>\n<h4 style=\"text-align: center;\">Les carburants peuvent \u00eatre s\u00e9lectionn\u00e9s sur l&rsquo;\u00e9cran<\/h4>\n<p>[\/vc_column_text][\/vc_column_inner][vc_column_inner width=\u00a0\u00bb1\/3&Prime;][vc_single_image image=\u00a0\u00bb53442&Prime; alignment=\u00a0\u00bbcenter\u00a0\u00bb][vc_column_text]<\/p>\n<h4 style=\"text-align: center;\">\u00c9cran tactile r\u00e9tro\u00e9clair\u00e9 de 4,3 pouces<br \/>\nData logger int\u00e9gr\u00e9<\/h4>\n<p>[\/vc_column_text][\/vc_column_inner][\/vc_row_inner][\/vc_column][\/vc_row][vc_row full_width=\u00a0\u00bbstretch_row\u00a0\u00bb css=\u00a0\u00bb.vc_custom_1743433179671{margin-top: 0px !important;padding-top: 10px !important;padding-bottom: 10px !important;background-image: url(https:\/\/thesmartcombustion.com\/wp-content\/uploads\/2025\/03\/Analizzatore-in-continuo-modbus.jpg?id=53397) !important;background-position: center !important;background-repeat: no-repeat !important;background-size: cover !important;}\u00a0\u00bb][vc_column width=\u00a0\u00bb1\/2&Prime;][vc_column_text]<\/p>\n<h3><span style=\"color: #ffffff;\">Communication<br \/>\nMODBUS pour<br \/>\ninterface<br \/>\navec d&rsquo;autres<br \/>\nappareils<br \/>\n\u00e0 distance<\/span><\/h3>\n<p>[\/vc_column_text][\/vc_column][vc_column width=\u00a0\u00bb1\/2&Prime;][\/vc_column][\/vc_row][vc_row full_width=\u00a0\u00bbstretch_row\u00a0\u00bb css=\u00a0\u00bb.vc_custom_1742296859876{margin-top: 0px !important;padding-top: 0px !important;padding-bottom: 3vh !important;}\u00a0\u00bb][vc_column width=\u00a0\u00bb1\/6&Prime;][\/vc_column][vc_column width=\u00a0\u00bb2\/3&Prime;][vc_empty_space height=\u00a0\u00bb22px\u00a0\u00bb][vc_column_text]<\/p>\n<h2 style=\"text-align: center;\"><strong>CAPTEUR \u00c0 OXYDE DE ZIRCONIUM<br \/>\n<\/strong><\/h2>\n<p>[\/vc_column_text][\/vc_column][vc_column width=\u00a0\u00bb1\/6&Prime;][\/vc_column][\/vc_row][vc_row css=\u00a0\u00bb.vc_custom_1742375442503{padding-top: 1vh !important;background-color: #515151 !important;}\u00a0\u00bb][vc_column width=\u00a0\u00bb1\/2&Prime;][vc_single_image image=\u00a0\u00bb53401&Prime; img_size=\u00a0\u00bblarge\u00a0\u00bb alignment=\u00a0\u00bbcenter\u00a0\u00bb][\/vc_column][vc_column width=\u00a0\u00bb1\/2&Prime;][vc_column_text]<\/p>\n<h5><span style=\"color: #ffffff;\"><strong>L&rsquo;oxyg\u00e9nom\u00e8tre Uniflow GA-ZRO2<br \/>\nutilise un capteur en oxyde de zirconium<br \/>\npour mesurer en continu le<br \/>\npourcentage d&rsquo;oxyg\u00e8ne humide<br \/>\npr\u00e9sent dans les gaz de combustion.<\/strong><\/span><\/h5>\n<h5 style=\"text-align: right;\"><span style=\"color: #ffffff;\">L&rsquo;\u00e9lectronique de commande du capteur<br \/>\nest int\u00e9gr\u00e9e \u00e0 l&rsquo;int\u00e9rieur de la sonde<br \/>\net lin\u00e9arise le signal de sortie<br \/>\npar rapport \u00e0 la valeur mesur\u00e9e de l&rsquo;oxyg\u00e8ne.<\/span><\/h5>\n<p>[\/vc_column_text][\/vc_column][\/vc_row][vc_row css=\u00a0\u00bb.vc_custom_1701711085167{padding-top: 4vh !important;padding-bottom: 4vh !important;}\u00a0\u00bb][vc_column width=\u00a0\u00bb1\/6&Prime;][\/vc_column][vc_column width=\u00a0\u00bb2\/3&Prime;][vc_empty_space][vc_column_text]<\/p>\n<h3 style=\"text-align: center;\">UNE TECHNOLOGIE DE MESURE AVANC\u00c9E POUR CHAQUE SITUATION<\/h3>\n<h4 lang=\"zxx\" style=\"text-align: center;\"><span style=\"font-family: Calibri, sans-serif;\">GA-ZRO2 convient aux applications industrielles, m\u00eame dans des environnements difficiles,<br \/>\npar exemple les combustibles de biomasse.<br \/>\nUne fonction de nettoyage programmable sur \u00e9cran est int\u00e9gr\u00e9e.<br \/>\n<\/span><\/h4>\n<p>[\/vc_column_text][\/vc_column][vc_column width=\u00a0\u00bb1\/6&Prime;][\/vc_column][\/vc_row][vc_row full_width=\u00a0\u00bbstretch_row\u00a0\u00bb equal_height=\u00a0\u00bbyes\u00a0\u00bb css=\u00a0\u00bb.vc_custom_1701712647664{padding-top: 4vh !important;padding-bottom: 4vh !important;}\u00a0\u00bb][vc_column width=\u00a0\u00bb1\/2&Prime; css=\u00a0\u00bb.vc_custom_1701458310184{padding-top: 10% !important;padding-right: 10% !important;padding-bottom: 10% !important;padding-left: 10% !important;background-color: #f2f2f2 !important;}\u00a0\u00bb][vc_column_text]<\/p>\n<p style=\"font-weight: 400;\"><span style=\"font-size: 14pt;\"><strong>Pour des informations techniques<br \/>\ncommerciales sur le GA-ZRO2<br \/>\nveuillez remplir ce formulaire ou \u00e9crire \u00e0<\/strong><\/span><br \/>\n<span style=\"font-size: 14pt;\"><strong><a href=\"mailto:info@thesmartcombustion.com\">info@thesmartcombustion.com<\/a><\/strong><\/span><\/p>\n<p>[\/vc_column_text][vc_empty_space][vc_single_image image=\u00a0\u00bb25316&Prime; img_size=\u00a0\u00bbmedium\u00a0\u00bb][vc_empty_space][vc_column_text]<\/p>\n<p style=\"font-weight: 400;\"><span style=\"font-size: 14pt;\">Download pour plus d&rsquo;informations<br \/>\net des informations plus d\u00e9taill\u00e9es.<\/span><\/p>\n<p style=\"font-weight: 400;\"><span style=\"font-size: 14pt;\">GA-ZRO2 UNIFLOW<br \/>\nest un produit<br \/>\nCIB Unigas S.p.A.<\/span><\/p>\n<p>[\/vc_column_text][\/vc_column][vc_column width=\u00a0\u00bb1\/2&Prime; css=\u00a0\u00bb.vc_custom_1701458372129{padding-top: 10% !important;padding-right: 10% !important;padding-bottom: 10% !important;padding-left: 10% !important;background-color: #515151 !important;}\u00a0\u00bb][vc_column_text]<\/p>\n<h3><span style=\"color: #ffffff;\">Per info<\/span><\/h3>\n<p>[\/vc_column_text]\n<div class=\"wpcf7 no-js\" id=\"wpcf7-f24303-o1\" lang=\"it-IT\" dir=\"ltr\" data-wpcf7-id=\"24303\">\n<div class=\"screen-reader-response\"><p role=\"status\" aria-live=\"polite\" aria-atomic=\"true\"><\/p> <ul><\/ul><\/div>\n<form action=\"\/fr\/wp-json\/wp\/v2\/pages\/53696#wpcf7-f24303-o1\" method=\"post\" class=\"wpcf7-form init\" aria-label=\"Modulo di contatto\" novalidate=\"novalidate\" data-status=\"init\">\n<fieldset class=\"hidden-fields-container\"><input type=\"hidden\" name=\"_wpcf7\" value=\"24303\" \/><input type=\"hidden\" name=\"_wpcf7_version\" value=\"6.1.4\" \/><input type=\"hidden\" name=\"_wpcf7_locale\" value=\"it_IT\" \/><input type=\"hidden\" name=\"_wpcf7_unit_tag\" value=\"wpcf7-f24303-o1\" \/><input type=\"hidden\" name=\"_wpcf7_container_post\" value=\"0\" \/><input type=\"hidden\" name=\"_wpcf7_posted_data_hash\" value=\"\" \/><input type=\"hidden\" name=\"_wpcf7_recaptcha_response\" value=\"\" \/>\n<\/fieldset>\n<div class=\"column one\">\n\t<p><label><span class=\"wpcf7-form-control-wrap\" data-name=\"your-name\"><input size=\"40\" maxlength=\"400\" class=\"wpcf7-form-control wpcf7-text wpcf7-validates-as-required\" aria-required=\"true\" aria-invalid=\"false\" placeholder=\"Nom\" value=\"\" type=\"text\" name=\"your-name\" \/><\/span> <\/label>\n\t<\/p>\n<\/div>\n<div class=\"column one\">\n\t<p><label><span class=\"wpcf7-form-control-wrap\" data-name=\"your-email\"><input size=\"40\" maxlength=\"400\" class=\"wpcf7-form-control wpcf7-email wpcf7-validates-as-required wpcf7-text wpcf7-validates-as-email\" aria-required=\"true\" aria-invalid=\"false\" placeholder=\"Courriel\" value=\"\" type=\"email\" name=\"your-email\" \/><\/span> <\/label>\n\t<\/p>\n<\/div>\n<div class=\"column one\">\n\t<p><label><span class=\"wpcf7-form-control-wrap\" data-name=\"your-subject\"><input size=\"40\" maxlength=\"400\" class=\"wpcf7-form-control wpcf7-text\" aria-invalid=\"false\" placeholder=\"Objet\" value=\"\" type=\"text\" name=\"your-subject\" \/><\/span> <\/label>\n\t<\/p>\n<\/div>\n<div class=\"column one\">\n\t<p><label><span class=\"wpcf7-form-control-wrap\" data-name=\"your-message\"><textarea cols=\"40\" rows=\"5\" maxlength=\"2000\" class=\"wpcf7-form-control wpcf7-textarea\" aria-invalid=\"false\" placeholder=\"Message\" name=\"your-message\"><\/textarea><\/span><\/label>\n\t<\/p>\n<\/div>\n<div class=\"column one\">\n\t<p><span class=\"wpcf7-form-control-wrap\" data-name=\"acceptance-697\"><span class=\"wpcf7-form-control wpcf7-acceptance\"><span class=\"wpcf7-list-item\"><label><input type=\"checkbox\" name=\"acceptance-697\" value=\"1\" aria-invalid=\"false\" \/><span class=\"wpcf7-list-item-label\"><font size=\"2.9\" color=\"#fff\"><b>\u00ab Autorisation pour la protection des donn\u00e9es \u00e0 caract\u00e8re personnel \u00bb <\/b> <a href=\"\/privacy-policy\/\"><b>Lire l\u2019information <\/b><\/a><\/font><\/span><\/label><\/span><\/span><\/span>\n\t<\/p>\n<\/div>\n<div class=\"column one\">\n\t<p><input class=\"wpcf7-form-control wpcf7-submit has-spinner button_full_width\" type=\"submit\" value=\"Envoyer\" \/>\n\t<\/p>\n<\/div><p style=\"display: none !important;\" class=\"akismet-fields-container\" data-prefix=\"_wpcf7_ak_\"><label>&#916;<textarea name=\"_wpcf7_ak_hp_textarea\" cols=\"45\" rows=\"8\" maxlength=\"100\"><\/textarea><\/label><input type=\"hidden\" id=\"ak_js_1\" name=\"_wpcf7_ak_js\" value=\"213\"\/><script>document.getElementById( \"ak_js_1\" ).setAttribute( \"value\", ( new Date() ).getTime() );<\/script><\/p><div class=\"wpcf7-response-output\" aria-hidden=\"true\"><\/div>\n<\/form>\n<\/div>\n[\/vc_column][\/vc_row]<\/p>\n<\/section>","protected":false},"excerpt":{"rendered":"<p>[vc_row css=\u00a0\u00bb.vc_custom_1701711122482{margin-top: 5vh !important;padding-bottom: 4vh !important;}\u00a0\u00bb][vc_column][vc_single_image image=\u00a0\u00bb25848&Prime; img_size=\u00a0\u00bblarge\u00a0\u00bb alignment=\u00a0\u00bbcenter\u00a0\u00bb][\/vc_column][\/vc_row][vc_row equal_height=\u00a0\u00bbyes\u00a0\u00bb content_placement=\u00a0\u00bbmiddle\u00a0\u00bb css=\u00a0\u00bb.vc_custom_1742316216088{padding-top: 1vh !important;}\u00a0\u00bb][vc_column width=\u00a0\u00bb2\/3&Prime;][vc_column_text] ANALYSEUR EN CONTINU GA-ZRO2 UNIFLOW [\/vc_column_text][\/vc_column][vc_column width=\u00a0\u00bb1\/3&Prime;][vc_single_image image=\u00a0\u00bb53353&Prime; img_size=\u00a0\u00bblarge\u00a0\u00bb alignment=\u00a0\u00bbcenter\u00a0\u00bb][\/vc_column][\/vc_row][vc_row full_width=\u00a0\u00bbstretch_row\u00a0\u00bb<span class=\"excerpt-hellip\"> [\u2026]<\/span><\/p>\n","protected":false},"author":36,"featured_media":0,"parent":0,"menu_order":0,"comment_status":"closed","ping_status":"closed","template":"","meta":{"_monsterinsights_skip_tracking":false,"_monsterinsights_sitenote_active":false,"_monsterinsights_sitenote_note":"","_monsterinsights_sitenote_category":0,"footnotes":""},"class_list":["post-53696","page","type-page","status-publish","hentry"],"yoast_head":"<!-- This site is optimized with the Yoast SEO plugin v27.3 - https:\/\/yoast.com\/product\/yoast-seo-wordpress\/ -->\n<title>GA-ZRO2 - The smart combustion<\/title>\n<meta name=\"robots\" content=\"index, follow, max-snippet:-1, max-image-preview:large, max-video-preview:-1\" \/>\n<link rel=\"canonical\" href=\"https:\/\/thesmartcombustion.com\/fr\/analyseur-ga-zro2\/\" \/>\n<meta property=\"og:locale\" content=\"fr_FR\" \/>\n<meta property=\"og:type\" content=\"article\" \/>\n<meta property=\"og:title\" content=\"GA-ZRO2 - The smart combustion\" \/>\n<meta property=\"og:description\" content=\"[vc_row css=\u00a0\u00bb.vc_custom_1701711122482{margin-top: 5vh !important;padding-bottom: 4vh !important;}\u00a0\u00bb][vc_column][vc_single_image image=\u00a0\u00bb25848&Prime; img_size=\u00a0\u00bblarge\u00a0\u00bb alignment=\u00a0\u00bbcenter\u00a0\u00bb][\/vc_column][\/vc_row][vc_row equal_height=\u00a0\u00bbyes\u00a0\u00bb content_placement=\u00a0\u00bbmiddle\u00a0\u00bb css=\u00a0\u00bb.vc_custom_1742316216088{padding-top: 1vh !important;}\u00a0\u00bb][vc_column width=\u00a0\u00bb2\/3&Prime;][vc_column_text] ANALYSEUR EN CONTINU GA-ZRO2 UNIFLOW [\/vc_column_text][\/vc_column][vc_column width=\u00a0\u00bb1\/3&Prime;][vc_single_image image=\u00a0\u00bb53353&Prime; img_size=\u00a0\u00bblarge\u00a0\u00bb alignment=\u00a0\u00bbcenter\u00a0\u00bb][\/vc_column][\/vc_row][vc_row full_width=\u00a0\u00bbstretch_row\u00a0\u00bb [\u2026]\" \/>\n<meta property=\"og:url\" content=\"https:\/\/thesmartcombustion.com\/fr\/analyseur-ga-zro2\/\" \/>\n<meta property=\"og:site_name\" content=\"The smart combustion\" \/>\n<meta property=\"article:modified_time\" content=\"2025-04-01T14:50:06+00:00\" \/>\n<meta property=\"og:image\" content=\"https:\/\/thesmartcombustion.com\/wp-content\/uploads\/2025\/03\/GAZRO2-UNIFLOW-icon-150x150.png\" \/>\n<meta name=\"twitter:card\" content=\"summary_large_image\" \/>\n<meta name=\"twitter:label1\" content=\"Dur\u00e9e de lecture estim\u00e9e\" \/>\n\t<meta name=\"twitter:data1\" content=\"3 minutes\" \/>\n<script type=\"application\/ld+json\" class=\"yoast-schema-graph\">{\"@context\":\"https:\\\/\\\/schema.org\",\"@graph\":[{\"@type\":\"WebPage\",\"@id\":\"https:\\\/\\\/thesmartcombustion.com\\\/fr\\\/analyseur-ga-zro2\\\/\",\"url\":\"https:\\\/\\\/thesmartcombustion.com\\\/fr\\\/analyseur-ga-zro2\\\/\",\"name\":\"GA-ZRO2 - The smart combustion\",\"isPartOf\":{\"@id\":\"https:\\\/\\\/thesmartcombustion.com\\\/#website\"},\"primaryImageOfPage\":{\"@id\":\"https:\\\/\\\/thesmartcombustion.com\\\/fr\\\/analyseur-ga-zro2\\\/#primaryimage\"},\"image\":{\"@id\":\"https:\\\/\\\/thesmartcombustion.com\\\/fr\\\/analyseur-ga-zro2\\\/#primaryimage\"},\"thumbnailUrl\":\"https:\\\/\\\/thesmartcombustion.com\\\/wp-content\\\/uploads\\\/2025\\\/03\\\/GAZRO2-UNIFLOW-icon-150x150.png\",\"datePublished\":\"2025-03-20T08:33:13+00:00\",\"dateModified\":\"2025-04-01T14:50:06+00:00\",\"breadcrumb\":{\"@id\":\"https:\\\/\\\/thesmartcombustion.com\\\/fr\\\/analyseur-ga-zro2\\\/#breadcrumb\"},\"inLanguage\":\"fr-FR\",\"potentialAction\":[{\"@type\":\"ReadAction\",\"target\":[\"https:\\\/\\\/thesmartcombustion.com\\\/fr\\\/analyseur-ga-zro2\\\/\"]}]},{\"@type\":\"ImageObject\",\"inLanguage\":\"fr-FR\",\"@id\":\"https:\\\/\\\/thesmartcombustion.com\\\/fr\\\/analyseur-ga-zro2\\\/#primaryimage\",\"url\":\"https:\\\/\\\/thesmartcombustion.com\\\/wp-content\\\/uploads\\\/2025\\\/03\\\/GAZRO2-UNIFLOW-icon-150x150.png\",\"contentUrl\":\"https:\\\/\\\/thesmartcombustion.com\\\/wp-content\\\/uploads\\\/2025\\\/03\\\/GAZRO2-UNIFLOW-icon-150x150.png\"},{\"@type\":\"BreadcrumbList\",\"@id\":\"https:\\\/\\\/thesmartcombustion.com\\\/fr\\\/analyseur-ga-zro2\\\/#breadcrumb\",\"itemListElement\":[{\"@type\":\"ListItem\",\"position\":1,\"name\":\"Home\",\"item\":\"https:\\\/\\\/thesmartcombustion.com\\\/fr\\\/\"},{\"@type\":\"ListItem\",\"position\":2,\"name\":\"GA-ZRO2\"}]},{\"@type\":\"WebSite\",\"@id\":\"https:\\\/\\\/thesmartcombustion.com\\\/#website\",\"url\":\"https:\\\/\\\/thesmartcombustion.com\\\/\",\"name\":\"The smart combustion\",\"description\":\"FACILE il nuovo prodotto di CIB Unigas\",\"potentialAction\":[{\"@type\":\"SearchAction\",\"target\":{\"@type\":\"EntryPoint\",\"urlTemplate\":\"https:\\\/\\\/thesmartcombustion.com\\\/?s={search_term_string}\"},\"query-input\":{\"@type\":\"PropertyValueSpecification\",\"valueRequired\":true,\"valueName\":\"search_term_string\"}}],\"inLanguage\":\"fr-FR\"}]}<\/script>\n<!-- \/ Yoast SEO plugin. -->","yoast_head_json":{"title":"GA-ZRO2 - The smart combustion","robots":{"index":"index","follow":"follow","max-snippet":"max-snippet:-1","max-image-preview":"max-image-preview:large","max-video-preview":"max-video-preview:-1"},"canonical":"https:\/\/thesmartcombustion.com\/fr\/analyseur-ga-zro2\/","og_locale":"fr_FR","og_type":"article","og_title":"GA-ZRO2 - The smart combustion","og_description":"[vc_row css=\u00a0\u00bb.vc_custom_1701711122482{margin-top: 5vh !important;padding-bottom: 4vh !important;}\u00a0\u00bb][vc_column][vc_single_image image=\u00a0\u00bb25848&Prime; img_size=\u00a0\u00bblarge\u00a0\u00bb alignment=\u00a0\u00bbcenter\u00a0\u00bb][\/vc_column][\/vc_row][vc_row equal_height=\u00a0\u00bbyes\u00a0\u00bb content_placement=\u00a0\u00bbmiddle\u00a0\u00bb css=\u00a0\u00bb.vc_custom_1742316216088{padding-top: 1vh !important;}\u00a0\u00bb][vc_column width=\u00a0\u00bb2\/3&Prime;][vc_column_text] ANALYSEUR EN CONTINU GA-ZRO2 UNIFLOW [\/vc_column_text][\/vc_column][vc_column width=\u00a0\u00bb1\/3&Prime;][vc_single_image image=\u00a0\u00bb53353&Prime; img_size=\u00a0\u00bblarge\u00a0\u00bb alignment=\u00a0\u00bbcenter\u00a0\u00bb][\/vc_column][\/vc_row][vc_row full_width=\u00a0\u00bbstretch_row\u00a0\u00bb [\u2026]","og_url":"https:\/\/thesmartcombustion.com\/fr\/analyseur-ga-zro2\/","og_site_name":"The smart combustion","article_modified_time":"2025-04-01T14:50:06+00:00","og_image":[{"url":"https:\/\/thesmartcombustion.com\/wp-content\/uploads\/2025\/03\/GAZRO2-UNIFLOW-icon-150x150.png","type":"","width":"","height":""}],"twitter_card":"summary_large_image","twitter_misc":{"Dur\u00e9e de lecture estim\u00e9e":"3 minutes"},"schema":{"@context":"https:\/\/schema.org","@graph":[{"@type":"WebPage","@id":"https:\/\/thesmartcombustion.com\/fr\/analyseur-ga-zro2\/","url":"https:\/\/thesmartcombustion.com\/fr\/analyseur-ga-zro2\/","name":"GA-ZRO2 - The smart combustion","isPartOf":{"@id":"https:\/\/thesmartcombustion.com\/#website"},"primaryImageOfPage":{"@id":"https:\/\/thesmartcombustion.com\/fr\/analyseur-ga-zro2\/#primaryimage"},"image":{"@id":"https:\/\/thesmartcombustion.com\/fr\/analyseur-ga-zro2\/#primaryimage"},"thumbnailUrl":"https:\/\/thesmartcombustion.com\/wp-content\/uploads\/2025\/03\/GAZRO2-UNIFLOW-icon-150x150.png","datePublished":"2025-03-20T08:33:13+00:00","dateModified":"2025-04-01T14:50:06+00:00","breadcrumb":{"@id":"https:\/\/thesmartcombustion.com\/fr\/analyseur-ga-zro2\/#breadcrumb"},"inLanguage":"fr-FR","potentialAction":[{"@type":"ReadAction","target":["https:\/\/thesmartcombustion.com\/fr\/analyseur-ga-zro2\/"]}]},{"@type":"ImageObject","inLanguage":"fr-FR","@id":"https:\/\/thesmartcombustion.com\/fr\/analyseur-ga-zro2\/#primaryimage","url":"https:\/\/thesmartcombustion.com\/wp-content\/uploads\/2025\/03\/GAZRO2-UNIFLOW-icon-150x150.png","contentUrl":"https:\/\/thesmartcombustion.com\/wp-content\/uploads\/2025\/03\/GAZRO2-UNIFLOW-icon-150x150.png"},{"@type":"BreadcrumbList","@id":"https:\/\/thesmartcombustion.com\/fr\/analyseur-ga-zro2\/#breadcrumb","itemListElement":[{"@type":"ListItem","position":1,"name":"Home","item":"https:\/\/thesmartcombustion.com\/fr\/"},{"@type":"ListItem","position":2,"name":"GA-ZRO2"}]},{"@type":"WebSite","@id":"https:\/\/thesmartcombustion.com\/#website","url":"https:\/\/thesmartcombustion.com\/","name":"The smart combustion","description":"FACILE il nuovo prodotto di CIB Unigas","potentialAction":[{"@type":"SearchAction","target":{"@type":"EntryPoint","urlTemplate":"https:\/\/thesmartcombustion.com\/?s={search_term_string}"},"query-input":{"@type":"PropertyValueSpecification","valueRequired":true,"valueName":"search_term_string"}}],"inLanguage":"fr-FR"}]}},"_links":{"self":[{"href":"https:\/\/thesmartcombustion.com\/fr\/wp-json\/wp\/v2\/pages\/53696","targetHints":{"allow":["GET"]}}],"collection":[{"href":"https:\/\/thesmartcombustion.com\/fr\/wp-json\/wp\/v2\/pages"}],"about":[{"href":"https:\/\/thesmartcombustion.com\/fr\/wp-json\/wp\/v2\/types\/page"}],"author":[{"embeddable":true,"href":"https:\/\/thesmartcombustion.com\/fr\/wp-json\/wp\/v2\/users\/36"}],"replies":[{"embeddable":true,"href":"https:\/\/thesmartcombustion.com\/fr\/wp-json\/wp\/v2\/comments?post=53696"}],"version-history":[{"count":0,"href":"https:\/\/thesmartcombustion.com\/fr\/wp-json\/wp\/v2\/pages\/53696\/revisions"}],"wp:attachment":[{"href":"https:\/\/thesmartcombustion.com\/fr\/wp-json\/wp\/v2\/media?parent=53696"}],"curies":[{"name":"wp","href":"https:\/\/api.w.org\/{rel}","templated":true}]}}