{"id":53691,"date":"2025-03-20T09:26:29","date_gmt":"2025-03-20T08:26:29","guid":{"rendered":"https:\/\/thesmartcombustion.com\/seleziona\/"},"modified":"2025-04-01T17:18:48","modified_gmt":"2025-04-01T15:18:48","slug":"selection","status":"publish","type":"page","link":"https:\/\/thesmartcombustion.com\/fr\/selection\/","title":{"rendered":"S\u00e9lection"},"content":{"rendered":"<section class=\"wpb-content-wrapper\"><p>[vc_row css=\u00a0\u00bb.vc_custom_1701711122482{margin-top: 5vh !important;padding-bottom: 4vh !important;}\u00a0\u00bb][vc_column][vc_single_image image=\u00a0\u00bb25848&Prime; img_size=\u00a0\u00bblarge\u00a0\u00bb alignment=\u00a0\u00bbcenter\u00a0\u00bb][\/vc_column][\/vc_row][vc_row full_width=\u00a0\u00bbstretch_row\u00a0\u00bb css=\u00a0\u00bb.vc_custom_1742292734502{margin-top: 0px !important;padding-top: 0px !important;padding-bottom: 3vh !important;}\u00a0\u00bb][vc_column width=\u00a0\u00bb1\/6&Prime;][\/vc_column][vc_column width=\u00a0\u00bb2\/3&Prime;][vc_column_text css=\u00a0\u00bb.vc_custom_1743500292515{padding-top: 3vh !important;padding-bottom: 3vh !important;}\u00a0\u00bb el_class=\u00a0\u00bbwhite\u00a0\u00bb]<\/p>\n<p style=\"font-weight: 400; text-align: center;\"><span style=\"font-size: 14pt;\">Cette section pr\u00e9sente les solutions technologiques<br \/>\nde CIB Unigas d\u00e9di\u00e9es \u00e0 l&rsquo;optimisation du fonctionnement des br\u00fbleurs.<\/span><\/p>\n<p>[\/vc_column_text][\/vc_column][vc_column width=\u00a0\u00bb1\/6&Prime;][\/vc_column][\/vc_row][vc_row css=\u00a0\u00bb.vc_custom_1700612658728{padding-top: 1vh !important;}\u00a0\u00bb][vc_column width=\u00a0\u00bb1\/3&Prime;][vc_single_image image=\u00a0\u00bb53581&Prime; img_size=\u00a0\u00bblarge\u00a0\u00bb alignment=\u00a0\u00bbcenter\u00a0\u00bb onclick=\u00a0\u00bbcustom_link\u00a0\u00bb link=\u00a0\u00bbhttps:\/\/thesmartcombustion.com\/fr\/uniflow\/\u00a0\u00bb][vc_column_text]<\/p>\n<h4 style=\"text-align: center;\"><a href=\"https:\/\/thesmartcombustion.com\/fr\/uniflow\/\"><strong>MFS d\u00e9bitm\u00e8tre en ligne<br \/>\n<\/strong><\/a><\/h4>\n<p>[\/vc_column_text][\/vc_column][vc_column width=\u00a0\u00bb1\/3&Prime;][vc_single_image image=\u00a0\u00bb53582&Prime; img_size=\u00a0\u00bblarge\u00a0\u00bb alignment=\u00a0\u00bbcenter\u00a0\u00bb onclick=\u00a0\u00bbcustom_link\u00a0\u00bb link=\u00a0\u00bbhttps:\/\/thesmartcombustion.com\/fr\/analyseur-ga-zro2\/\u00a0\u00bb][vc_column_text]<\/p>\n<h4 style=\"text-align: center;\"><a href=\"https:\/\/thesmartcombustion.com\/\/\"><strong>GA-ZRO2 Analyseur en continu<br \/>\n<\/strong><\/a><\/h4>\n<p>[\/vc_column_text][\/vc_column][vc_column width=\u00a0\u00bb1\/3&Prime;][vc_single_image image=\u00a0\u00bb53584&Prime; img_size=\u00a0\u00bblarge\u00a0\u00bb alignment=\u00a0\u00bbcenter\u00a0\u00bb onclick=\u00a0\u00bbcustom_link\u00a0\u00bb link=\u00a0\u00bbhttps:\/\/thesmartcombustion.com\/fr\/capotages-acoustique\/\u00a0\u00bb][vc_column_text]<\/p>\n<h4 style=\"text-align: center;\"><a href=\"https:\/\/thesmartcombustion.com\/fr\/capotages-acoustique\/\"><strong>Capotage acoustique<\/strong><\/a><\/h4>\n<p>[\/vc_column_text][\/vc_column][\/vc_row][vc_row full_width=\u00a0\u00bbstretch_row_content\u00a0\u00bb css=\u00a0\u00bb.vc_custom_1743007449417{margin-top: 0px !important;margin-right: 0px !important;margin-bottom: -100px !important;margin-left: 0px !important;padding-top: 0px !important;padding-right: 0px !important;padding-bottom: 0px !important;padding-left: 0px !important;}\u00a0\u00bb][vc_column][vc_single_image image=\u00a0\u00bb53578&Prime; img_size=\u00a0\u00bbfull\u00a0\u00bb css_animation=\u00a0\u00bbfadeInUp\u00a0\u00bb][\/vc_column][\/vc_row]<\/p>\n<\/section>","protected":false},"excerpt":{"rendered":"<p>[vc_row css=\u00a0\u00bb.vc_custom_1701711122482{margin-top: 5vh !important;padding-bottom: 4vh !important;}\u00a0\u00bb][vc_column][vc_single_image image=\u00a0\u00bb25848&Prime; img_size=\u00a0\u00bblarge\u00a0\u00bb alignment=\u00a0\u00bbcenter\u00a0\u00bb][\/vc_column][\/vc_row][vc_row full_width=\u00a0\u00bbstretch_row\u00a0\u00bb css=\u00a0\u00bb.vc_custom_1742292734502{margin-top: 0px !important;padding-top: 0px !important;padding-bottom: 3vh !important;}\u00a0\u00bb][vc_column width=\u00a0\u00bb1\/6&Prime;][\/vc_column][vc_column width=\u00a0\u00bb2\/3&Prime;][vc_column_text css=\u00a0\u00bb.vc_custom_1743500292515{padding-top: 3vh !important;padding-bottom: 3vh !important;}\u00a0\u00bb el_class=\u00a0\u00bbwhite\u00a0\u00bb] Cette<span class=\"excerpt-hellip\"> [\u2026]<\/span><\/p>\n","protected":false},"author":36,"featured_media":0,"parent":0,"menu_order":0,"comment_status":"closed","ping_status":"closed","template":"","meta":{"_monsterinsights_skip_tracking":false,"_monsterinsights_sitenote_active":false,"_monsterinsights_sitenote_note":"","_monsterinsights_sitenote_category":0,"footnotes":""},"class_list":["post-53691","page","type-page","status-publish","hentry"],"yoast_head":"<!-- This site is optimized with the Yoast SEO plugin v27.3 - https:\/\/yoast.com\/product\/yoast-seo-wordpress\/ -->\n<title>S\u00e9lection - The smart combustion<\/title>\n<meta name=\"robots\" content=\"index, follow, max-snippet:-1, max-image-preview:large, max-video-preview:-1\" \/>\n<link rel=\"canonical\" href=\"https:\/\/thesmartcombustion.com\/fr\/selection\/\" \/>\n<meta property=\"og:locale\" content=\"fr_FR\" \/>\n<meta property=\"og:type\" content=\"article\" \/>\n<meta property=\"og:title\" content=\"S\u00e9lection - The smart combustion\" \/>\n<meta property=\"og:description\" content=\"[vc_row css=\u00a0\u00bb.vc_custom_1701711122482{margin-top: 5vh !important;padding-bottom: 4vh !important;}\u00a0\u00bb][vc_column][vc_single_image image=\u00a0\u00bb25848&Prime; img_size=\u00a0\u00bblarge\u00a0\u00bb alignment=\u00a0\u00bbcenter\u00a0\u00bb][\/vc_column][\/vc_row][vc_row full_width=\u00a0\u00bbstretch_row\u00a0\u00bb css=\u00a0\u00bb.vc_custom_1742292734502{margin-top: 0px !important;padding-top: 0px !important;padding-bottom: 3vh !important;}\u00a0\u00bb][vc_column width=\u00a0\u00bb1\/6&Prime;][\/vc_column][vc_column width=\u00a0\u00bb2\/3&Prime;][vc_column_text css=\u00a0\u00bb.vc_custom_1743500292515{padding-top: 3vh !important;padding-bottom: 3vh !important;}\u00a0\u00bb el_class=\u00a0\u00bbwhite\u00a0\u00bb] Cette [\u2026]\" \/>\n<meta property=\"og:url\" content=\"https:\/\/thesmartcombustion.com\/fr\/selection\/\" \/>\n<meta property=\"og:site_name\" content=\"The smart combustion\" \/>\n<meta property=\"article:modified_time\" content=\"2025-04-01T15:18:48+00:00\" \/>\n<meta name=\"twitter:card\" content=\"summary_large_image\" \/>\n<meta name=\"twitter:label1\" content=\"Dur\u00e9e de lecture estim\u00e9e\" \/>\n\t<meta name=\"twitter:data1\" content=\"2 minutes\" \/>\n<script type=\"application\/ld+json\" class=\"yoast-schema-graph\">{\"@context\":\"https:\\\/\\\/schema.org\",\"@graph\":[{\"@type\":\"WebPage\",\"@id\":\"https:\\\/\\\/thesmartcombustion.com\\\/fr\\\/selection\\\/\",\"url\":\"https:\\\/\\\/thesmartcombustion.com\\\/fr\\\/selection\\\/\",\"name\":\"S\u00e9lection - The smart combustion\",\"isPartOf\":{\"@id\":\"https:\\\/\\\/thesmartcombustion.com\\\/#website\"},\"datePublished\":\"2025-03-20T08:26:29+00:00\",\"dateModified\":\"2025-04-01T15:18:48+00:00\",\"breadcrumb\":{\"@id\":\"https:\\\/\\\/thesmartcombustion.com\\\/fr\\\/selection\\\/#breadcrumb\"},\"inLanguage\":\"fr-FR\",\"potentialAction\":[{\"@type\":\"ReadAction\",\"target\":[\"https:\\\/\\\/thesmartcombustion.com\\\/fr\\\/selection\\\/\"]}]},{\"@type\":\"BreadcrumbList\",\"@id\":\"https:\\\/\\\/thesmartcombustion.com\\\/fr\\\/selection\\\/#breadcrumb\",\"itemListElement\":[{\"@type\":\"ListItem\",\"position\":1,\"name\":\"Home\",\"item\":\"https:\\\/\\\/thesmartcombustion.com\\\/fr\\\/\"},{\"@type\":\"ListItem\",\"position\":2,\"name\":\"S\u00e9lection\"}]},{\"@type\":\"WebSite\",\"@id\":\"https:\\\/\\\/thesmartcombustion.com\\\/#website\",\"url\":\"https:\\\/\\\/thesmartcombustion.com\\\/\",\"name\":\"The smart combustion\",\"description\":\"FACILE il nuovo prodotto di CIB Unigas\",\"potentialAction\":[{\"@type\":\"SearchAction\",\"target\":{\"@type\":\"EntryPoint\",\"urlTemplate\":\"https:\\\/\\\/thesmartcombustion.com\\\/?s={search_term_string}\"},\"query-input\":{\"@type\":\"PropertyValueSpecification\",\"valueRequired\":true,\"valueName\":\"search_term_string\"}}],\"inLanguage\":\"fr-FR\"}]}<\/script>\n<!-- \/ Yoast SEO plugin. -->","yoast_head_json":{"title":"S\u00e9lection - The smart combustion","robots":{"index":"index","follow":"follow","max-snippet":"max-snippet:-1","max-image-preview":"max-image-preview:large","max-video-preview":"max-video-preview:-1"},"canonical":"https:\/\/thesmartcombustion.com\/fr\/selection\/","og_locale":"fr_FR","og_type":"article","og_title":"S\u00e9lection - The smart combustion","og_description":"[vc_row css=\u00a0\u00bb.vc_custom_1701711122482{margin-top: 5vh !important;padding-bottom: 4vh !important;}\u00a0\u00bb][vc_column][vc_single_image image=\u00a0\u00bb25848&Prime; img_size=\u00a0\u00bblarge\u00a0\u00bb alignment=\u00a0\u00bbcenter\u00a0\u00bb][\/vc_column][\/vc_row][vc_row full_width=\u00a0\u00bbstretch_row\u00a0\u00bb css=\u00a0\u00bb.vc_custom_1742292734502{margin-top: 0px !important;padding-top: 0px !important;padding-bottom: 3vh !important;}\u00a0\u00bb][vc_column width=\u00a0\u00bb1\/6&Prime;][\/vc_column][vc_column width=\u00a0\u00bb2\/3&Prime;][vc_column_text css=\u00a0\u00bb.vc_custom_1743500292515{padding-top: 3vh !important;padding-bottom: 3vh !important;}\u00a0\u00bb el_class=\u00a0\u00bbwhite\u00a0\u00bb] Cette [\u2026]","og_url":"https:\/\/thesmartcombustion.com\/fr\/selection\/","og_site_name":"The smart combustion","article_modified_time":"2025-04-01T15:18:48+00:00","twitter_card":"summary_large_image","twitter_misc":{"Dur\u00e9e de lecture estim\u00e9e":"2 minutes"},"schema":{"@context":"https:\/\/schema.org","@graph":[{"@type":"WebPage","@id":"https:\/\/thesmartcombustion.com\/fr\/selection\/","url":"https:\/\/thesmartcombustion.com\/fr\/selection\/","name":"S\u00e9lection - The smart combustion","isPartOf":{"@id":"https:\/\/thesmartcombustion.com\/#website"},"datePublished":"2025-03-20T08:26:29+00:00","dateModified":"2025-04-01T15:18:48+00:00","breadcrumb":{"@id":"https:\/\/thesmartcombustion.com\/fr\/selection\/#breadcrumb"},"inLanguage":"fr-FR","potentialAction":[{"@type":"ReadAction","target":["https:\/\/thesmartcombustion.com\/fr\/selection\/"]}]},{"@type":"BreadcrumbList","@id":"https:\/\/thesmartcombustion.com\/fr\/selection\/#breadcrumb","itemListElement":[{"@type":"ListItem","position":1,"name":"Home","item":"https:\/\/thesmartcombustion.com\/fr\/"},{"@type":"ListItem","position":2,"name":"S\u00e9lection"}]},{"@type":"WebSite","@id":"https:\/\/thesmartcombustion.com\/#website","url":"https:\/\/thesmartcombustion.com\/","name":"The smart combustion","description":"FACILE il nuovo prodotto di CIB Unigas","potentialAction":[{"@type":"SearchAction","target":{"@type":"EntryPoint","urlTemplate":"https:\/\/thesmartcombustion.com\/?s={search_term_string}"},"query-input":{"@type":"PropertyValueSpecification","valueRequired":true,"valueName":"search_term_string"}}],"inLanguage":"fr-FR"}]}},"_links":{"self":[{"href":"https:\/\/thesmartcombustion.com\/fr\/wp-json\/wp\/v2\/pages\/53691","targetHints":{"allow":["GET"]}}],"collection":[{"href":"https:\/\/thesmartcombustion.com\/fr\/wp-json\/wp\/v2\/pages"}],"about":[{"href":"https:\/\/thesmartcombustion.com\/fr\/wp-json\/wp\/v2\/types\/page"}],"author":[{"embeddable":true,"href":"https:\/\/thesmartcombustion.com\/fr\/wp-json\/wp\/v2\/users\/36"}],"replies":[{"embeddable":true,"href":"https:\/\/thesmartcombustion.com\/fr\/wp-json\/wp\/v2\/comments?post=53691"}],"version-history":[{"count":0,"href":"https:\/\/thesmartcombustion.com\/fr\/wp-json\/wp\/v2\/pages\/53691\/revisions"}],"wp:attachment":[{"href":"https:\/\/thesmartcombustion.com\/fr\/wp-json\/wp\/v2\/media?parent=53691"}],"curies":[{"name":"wp","href":"https:\/\/api.w.org\/{rel}","templated":true}]}}