{"id":25529,"date":"2023-12-01T19:09:28","date_gmt":"2023-12-01T18:09:28","guid":{"rendered":"https:\/\/thesmartcombustion.com\/?page_id=25529"},"modified":"2023-12-07T12:20:54","modified_gmt":"2023-12-07T11:20:54","slug":"home-new","status":"publish","type":"page","link":"https:\/\/thesmartcombustion.com\/fr\/","title":{"rendered":"Home"},"content":{"rendered":"<section class=\"wpb-content-wrapper\"><p>[vc_row css=\u00a0\u00bb.vc_custom_1700500625246{padding-top: 5vh !important;padding-bottom: 3vh !important;}\u00a0\u00bb][vc_column][vc_column_text]<\/p>\n<h3 style=\"text-align: center;\">THE SMART COMBUSTION<\/h3>\n<p>[\/vc_column_text][vc_column_text]<\/p>\n<h4 style=\"text-align: center;\">Vous trouverez ici les \u00e9volutions de la conception et de la production du centre de recherche CIB Unigas.<br \/>\nDes technologies innovantes, destin\u00e9es \u00e0 la production et \u00e0 la gestion intelligente de la chaleur, qui garantissent de hautes performances, une r\u00e9duction substantielle des \u00e9missions polluantes et une \u00e9conomie d\u2019\u00e9nergie consid\u00e9rable.<br \/>\nD\u00e9couvrez ces innovations importantes, car c\u2019est aussi de l\u00e0 que viendra un monde plus durable.<\/h4>\n<p>[\/vc_column_text][\/vc_column][\/vc_row][vc_row][vc_column width=\u00a0\u00bb1\/6&Prime;][\/vc_column][vc_column width=\u00a0\u00bb1\/3&Prime;]<div class=\"photo_box \"><div class=\"image_frame\"><div class=\"image_wrapper\"><a href=\"\/fr\/facile\/\"  title=\"\"><div class=\"mask\"><\/div><img loading=\"lazy\" decoding=\"async\" class=\"scale-with-grid\" src=\"https:\/\/thesmartcombustion.com\/wp-content\/uploads\/2023\/12\/thesmartcombustion-home-facile-1.jpg\" alt=\"thesmartcombustion-home-facile-1\" width=\"561\" height=\"265\"\/><\/a><\/div><\/div><div class=\"desc\">Le seul br\u00fbleur<br \/>\nintelligent au monde<\/div><\/div>\n[\/vc_column][vc_column width=\u00a0\u00bb1\/3&Prime;]<div class=\"photo_box \"><div class=\"image_frame\"><div class=\"image_wrapper\"><a href=\"\/fr\/uniflow\/\"  title=\"\"><div class=\"mask\"><\/div><img loading=\"lazy\" decoding=\"async\" class=\"scale-with-grid\" src=\"https:\/\/thesmartcombustion.com\/wp-content\/uploads\/2023\/12\/thesmartcombustion-home-uniflow-1.jpg\" alt=\"thesmartcombustion-home-uniflow-1\" width=\"561\" height=\"265\"\/><\/a><\/div><\/div><div class=\"desc\">Des technologies innovantes<br \/>\npour un monde plus durable<\/div><\/div>\n[\/vc_column][vc_column width=\u00a0\u00bb1\/6&Prime;][\/vc_column][\/vc_row][vc_row full_width=\u00a0\u00bbstretch_row_content\u00a0\u00bb css=\u00a0\u00bb.vc_custom_1700500899968{margin-top: 0px !important;margin-right: 0px !important;margin-bottom: -100px !important;margin-left: 0px !important;padding-top: 0px !important;padding-right: 0px !important;padding-bottom: 0px !important;padding-left: 0px !important;}\u00a0\u00bb][vc_column css=\u00a0\u00bb.vc_custom_1700500469648{margin: 0px !important;padding: 0px !important;background-position: center !important;background-repeat: no-repeat !important;background-size: cover !important;}\u00a0\u00bb][vc_single_image image=\u00a0\u00bb25253&Prime; img_size=\u00a0\u00bbfull\u00a0\u00bb alignment=\u00a0\u00bbcenter\u00a0\u00bb css_animation=\u00a0\u00bbfadeInUp\u00a0\u00bb][\/vc_column][\/vc_row]<\/p>\n<\/section>","protected":false},"excerpt":{"rendered":"<p>[vc_row css=\u00a0\u00bb.vc_custom_1700500625246{padding-top: 5vh !important;padding-bottom: 3vh !important;}\u00a0\u00bb][vc_column][vc_column_text] THE SMART COMBUSTION [\/vc_column_text][vc_column_text] Vous trouverez ici les \u00e9volutions de la conception et de la production du centre de recherche<span class=\"excerpt-hellip\"> [\u2026]<\/span><\/p>\n","protected":false},"author":1,"featured_media":0,"parent":0,"menu_order":0,"comment_status":"closed","ping_status":"closed","template":"","meta":{"_monsterinsights_skip_tracking":false,"_monsterinsights_sitenote_active":false,"_monsterinsights_sitenote_note":"","_monsterinsights_sitenote_category":0,"footnotes":""},"class_list":["post-25529","page","type-page","status-publish","hentry"],"yoast_head":"<!-- This site is optimized with the Yoast SEO plugin v27.3 - https:\/\/yoast.com\/product\/yoast-seo-wordpress\/ -->\n<title>Home - The smart combustion<\/title>\n<meta name=\"robots\" content=\"index, follow, max-snippet:-1, max-image-preview:large, max-video-preview:-1\" \/>\n<link rel=\"canonical\" href=\"https:\/\/thesmartcombustion.com\/fr\/\" \/>\n<meta property=\"og:locale\" content=\"fr_FR\" \/>\n<meta property=\"og:type\" content=\"article\" \/>\n<meta property=\"og:title\" content=\"Home - The smart combustion\" \/>\n<meta property=\"og:description\" content=\"[vc_row css=\u00a0\u00bb.vc_custom_1700500625246{padding-top: 5vh !important;padding-bottom: 3vh !important;}\u00a0\u00bb][vc_column][vc_column_text] THE SMART COMBUSTION [\/vc_column_text][vc_column_text] Vous trouverez ici les \u00e9volutions de la conception et de la production du centre de recherche [\u2026]\" \/>\n<meta property=\"og:url\" content=\"https:\/\/thesmartcombustion.com\/fr\/\" \/>\n<meta property=\"og:site_name\" content=\"The smart combustion\" \/>\n<meta property=\"article:modified_time\" content=\"2023-12-07T11:20:54+00:00\" \/>\n<meta name=\"twitter:card\" content=\"summary_large_image\" \/>\n<meta name=\"twitter:label1\" content=\"Dur\u00e9e de lecture estim\u00e9e\" \/>\n\t<meta name=\"twitter:data1\" content=\"1 minute\" \/>\n<script type=\"application\/ld+json\" class=\"yoast-schema-graph\">{\"@context\":\"https:\\\/\\\/schema.org\",\"@graph\":[{\"@type\":\"WebPage\",\"@id\":\"https:\\\/\\\/thesmartcombustion.com\\\/fr\\\/\",\"url\":\"https:\\\/\\\/thesmartcombustion.com\\\/fr\\\/\",\"name\":\"Home - The smart combustion\",\"isPartOf\":{\"@id\":\"https:\\\/\\\/thesmartcombustion.com\\\/#website\"},\"datePublished\":\"2023-12-01T18:09:28+00:00\",\"dateModified\":\"2023-12-07T11:20:54+00:00\",\"breadcrumb\":{\"@id\":\"https:\\\/\\\/thesmartcombustion.com\\\/fr\\\/#breadcrumb\"},\"inLanguage\":\"fr-FR\",\"potentialAction\":[{\"@type\":\"ReadAction\",\"target\":[\"https:\\\/\\\/thesmartcombustion.com\\\/fr\\\/\"]}]},{\"@type\":\"BreadcrumbList\",\"@id\":\"https:\\\/\\\/thesmartcombustion.com\\\/fr\\\/#breadcrumb\",\"itemListElement\":[{\"@type\":\"ListItem\",\"position\":1,\"name\":\"Home\",\"item\":\"https:\\\/\\\/thesmartcombustion.com\\\/fr\\\/\"},{\"@type\":\"ListItem\",\"position\":2,\"name\":\"Home\"}]},{\"@type\":\"WebSite\",\"@id\":\"https:\\\/\\\/thesmartcombustion.com\\\/#website\",\"url\":\"https:\\\/\\\/thesmartcombustion.com\\\/\",\"name\":\"The smart combustion\",\"description\":\"FACILE il nuovo prodotto di CIB Unigas\",\"potentialAction\":[{\"@type\":\"SearchAction\",\"target\":{\"@type\":\"EntryPoint\",\"urlTemplate\":\"https:\\\/\\\/thesmartcombustion.com\\\/?s={search_term_string}\"},\"query-input\":{\"@type\":\"PropertyValueSpecification\",\"valueRequired\":true,\"valueName\":\"search_term_string\"}}],\"inLanguage\":\"fr-FR\"}]}<\/script>\n<!-- \/ Yoast SEO plugin. -->","yoast_head_json":{"title":"Home - The smart combustion","robots":{"index":"index","follow":"follow","max-snippet":"max-snippet:-1","max-image-preview":"max-image-preview:large","max-video-preview":"max-video-preview:-1"},"canonical":"https:\/\/thesmartcombustion.com\/fr\/","og_locale":"fr_FR","og_type":"article","og_title":"Home - The smart combustion","og_description":"[vc_row css=\u00a0\u00bb.vc_custom_1700500625246{padding-top: 5vh !important;padding-bottom: 3vh !important;}\u00a0\u00bb][vc_column][vc_column_text] THE SMART COMBUSTION [\/vc_column_text][vc_column_text] Vous trouverez ici les \u00e9volutions de la conception et de la production du centre de recherche [\u2026]","og_url":"https:\/\/thesmartcombustion.com\/fr\/","og_site_name":"The smart combustion","article_modified_time":"2023-12-07T11:20:54+00:00","twitter_card":"summary_large_image","twitter_misc":{"Dur\u00e9e de lecture estim\u00e9e":"1 minute"},"schema":{"@context":"https:\/\/schema.org","@graph":[{"@type":"WebPage","@id":"https:\/\/thesmartcombustion.com\/fr\/","url":"https:\/\/thesmartcombustion.com\/fr\/","name":"Home - The smart combustion","isPartOf":{"@id":"https:\/\/thesmartcombustion.com\/#website"},"datePublished":"2023-12-01T18:09:28+00:00","dateModified":"2023-12-07T11:20:54+00:00","breadcrumb":{"@id":"https:\/\/thesmartcombustion.com\/fr\/#breadcrumb"},"inLanguage":"fr-FR","potentialAction":[{"@type":"ReadAction","target":["https:\/\/thesmartcombustion.com\/fr\/"]}]},{"@type":"BreadcrumbList","@id":"https:\/\/thesmartcombustion.com\/fr\/#breadcrumb","itemListElement":[{"@type":"ListItem","position":1,"name":"Home","item":"https:\/\/thesmartcombustion.com\/fr\/"},{"@type":"ListItem","position":2,"name":"Home"}]},{"@type":"WebSite","@id":"https:\/\/thesmartcombustion.com\/#website","url":"https:\/\/thesmartcombustion.com\/","name":"The smart combustion","description":"FACILE il nuovo prodotto di CIB Unigas","potentialAction":[{"@type":"SearchAction","target":{"@type":"EntryPoint","urlTemplate":"https:\/\/thesmartcombustion.com\/?s={search_term_string}"},"query-input":{"@type":"PropertyValueSpecification","valueRequired":true,"valueName":"search_term_string"}}],"inLanguage":"fr-FR"}]}},"_links":{"self":[{"href":"https:\/\/thesmartcombustion.com\/fr\/wp-json\/wp\/v2\/pages\/25529","targetHints":{"allow":["GET"]}}],"collection":[{"href":"https:\/\/thesmartcombustion.com\/fr\/wp-json\/wp\/v2\/pages"}],"about":[{"href":"https:\/\/thesmartcombustion.com\/fr\/wp-json\/wp\/v2\/types\/page"}],"author":[{"embeddable":true,"href":"https:\/\/thesmartcombustion.com\/fr\/wp-json\/wp\/v2\/users\/1"}],"replies":[{"embeddable":true,"href":"https:\/\/thesmartcombustion.com\/fr\/wp-json\/wp\/v2\/comments?post=25529"}],"version-history":[{"count":0,"href":"https:\/\/thesmartcombustion.com\/fr\/wp-json\/wp\/v2\/pages\/25529\/revisions"}],"wp:attachment":[{"href":"https:\/\/thesmartcombustion.com\/fr\/wp-json\/wp\/v2\/media?parent=25529"}],"curies":[{"name":"wp","href":"https:\/\/api.w.org\/{rel}","templated":true}]}}