{"id":53710,"date":"2025-03-20T09:33:13","date_gmt":"2025-03-20T08:33:13","guid":{"rendered":"https:\/\/thesmartcombustion.com\/ga-zro2\/"},"modified":"2025-04-01T16:18:40","modified_gmt":"2025-04-01T14:18:40","slug":"analizador-ga-zro2","status":"publish","type":"page","link":"https:\/\/thesmartcombustion.com\/es\/analizador-ga-zro2\/","title":{"rendered":"Analizador GA-ZRO2"},"content":{"rendered":"<section class=\"wpb-content-wrapper\"><p>[vc_row css=\u00bb.vc_custom_1701711122482{margin-top: 5vh !important;padding-bottom: 4vh !important;}\u00bb][vc_column][vc_single_image image=\u00bb25848&#8243; img_size=\u00bblarge\u00bb alignment=\u00bbcenter\u00bb][\/vc_column][\/vc_row][vc_row equal_height=\u00bbyes\u00bb content_placement=\u00bbmiddle\u00bb css=\u00bb.vc_custom_1742316216088{padding-top: 1vh !important;}\u00bb][vc_column width=\u00bb2\/3&#8243;][vc_column_text]<\/p>\n<h2 style=\"text-align: center;\">ANALIZADOR<br \/>\nEN CONTINUO<br \/>\nUNIFLOW<br \/>\nGA-ZRO2<\/h2>\n<h3 style=\"text-align: center;\"><\/h3>\n<p>[\/vc_column_text][\/vc_column][vc_column width=\u00bb1\/3&#8243;][vc_single_image image=\u00bb53353&#8243; img_size=\u00bblarge\u00bb alignment=\u00bbcenter\u00bb][\/vc_column][\/vc_row][vc_row full_width=\u00bbstretch_row\u00bb css=\u00bb.vc_custom_1701711111449{margin-top: 0px !important;padding-top: 0px !important;padding-bottom: 3vh !important;background-color: #9c9c9c !important;}\u00bb][vc_column width=\u00bb1\/6&#8243;][\/vc_column][vc_column width=\u00bb2\/3&#8243;][vc_empty_space height=\u00bb22px\u00bb][vc_column_text]<\/p>\n<h3 style=\"text-align: center;\"><img loading=\"lazy\" decoding=\"async\" class=\"aligncenter size-thumbnail wp-image-53572\" src=\"https:\/\/thesmartcombustion.com\/wp-content\/uploads\/2025\/03\/GAZRO2-UNIFLOW-icon-150x150.png\" alt=\"\" width=\"150\" height=\"150\" srcset=\"https:\/\/thesmartcombustion.com\/wp-content\/uploads\/2025\/03\/GAZRO2-UNIFLOW-icon-150x150.png 150w, https:\/\/thesmartcombustion.com\/wp-content\/uploads\/2025\/03\/GAZRO2-UNIFLOW-icon-85x85.png 85w, https:\/\/thesmartcombustion.com\/wp-content\/uploads\/2025\/03\/GAZRO2-UNIFLOW-icon-80x80.png 80w\" sizes=\"auto, (max-width:767px) 150px, 150px\" \/><span style=\"color: #ffffff;\">GA-ZRO2 Medici\u00f3n continua<br \/>\ndel porcentaje de ox\u00edgeno h\u00famedo mediante funciones sencillas<\/span><\/h3>\n<p>[\/vc_column_text][\/vc_column][vc_column width=\u00bb1\/6&#8243;][\/vc_column][\/vc_row][vc_row full_width=\u00bbstretch_row\u00bb css=\u00bb.vc_custom_1742296859876{margin-top: 0px !important;padding-top: 0px !important;padding-bottom: 3vh !important;}\u00bb][vc_column width=\u00bb1\/3&#8243;][vc_single_image image=\u00bb53355&#8243; img_size=\u00bblarge\u00bb alignment=\u00bbcenter\u00bb][\/vc_column][vc_column width=\u00bb1\/3&#8243;][vc_single_image image=\u00bb53356&#8243; img_size=\u00bblarge\u00bb alignment=\u00bbcenter\u00bb][\/vc_column][vc_column width=\u00bb1\/3&#8243;][vc_single_image image=\u00bb53359&#8243; img_size=\u00bblarge\u00bb alignment=\u00bbcenter\u00bb][\/vc_column][\/vc_row][vc_row full_width=\u00bbstretch_row\u00bb content_placement=\u00bbmiddle\u00bb css=\u00bb.vc_custom_1742374022821{margin-top: 0px !important;padding-top: 0px !important;padding-bottom: 3vh !important;}\u00bb][vc_column][vc_column_text]<\/p>\n<h3 style=\"text-align: left;\"><\/h3>\n<h3 style=\"text-align: center;\">GA-ZRO2<br \/>\nGarantiza un an\u00e1lisis continuo de combusti\u00f3n<\/h3>\n<h3 style=\"text-align: center;\">Analiza los niveles de combusti\u00f3n en continuo<br \/>\ngarantizando la m\u00e1xima seguridad predictiva<\/h3>\n<p>[\/vc_column_text][vc_empty_space][vc_row_inner][vc_column_inner width=\u00bb1\/3&#8243;][vc_single_image image=\u00bb53442&#8243; alignment=\u00bbcenter\u00bb][vc_column_text]<\/p>\n<h4 style=\"text-align: center;\">Los men\u00fas de medici\u00f3n de O2 &#8211; CO2 est\u00e1n integrados y la eficiencia de la combusti\u00f3n<\/h4>\n<p>[\/vc_column_text][\/vc_column_inner][vc_column_inner width=\u00bb1\/3&#8243;][vc_single_image image=\u00bb53442&#8243; alignment=\u00bbcenter\u00bb][vc_column_text]<\/p>\n<h4 style=\"text-align: center;\">Combustibles seleccionables desde la pantalla<\/h4>\n<p>[\/vc_column_text][\/vc_column_inner][vc_column_inner width=\u00bb1\/3&#8243;][vc_single_image image=\u00bb53442&#8243; alignment=\u00bbcenter\u00bb][vc_column_text]<\/p>\n<h4 style=\"text-align: center;\">Pantalla 4,3&#8243; t\u00e1ctil retroiluminada<br \/>\nRegistrador de datos integrado<\/h4>\n<p>[\/vc_column_text][\/vc_column_inner][\/vc_row_inner][\/vc_column][\/vc_row][vc_row full_width=\u00bbstretch_row\u00bb css=\u00bb.vc_custom_1743433179671{margin-top: 0px !important;padding-top: 10px !important;padding-bottom: 10px !important;background-image: url(https:\/\/thesmartcombustion.com\/wp-content\/uploads\/2025\/03\/Analizzatore-in-continuo-modbus.jpg?id=53397) !important;background-position: center !important;background-repeat: no-repeat !important;background-size: cover !important;}\u00bb][vc_column width=\u00bb1\/2&#8243;][vc_column_text]<\/p>\n<h3><span style=\"color: #ffffff;\">Comunicaci\u00f3n<br \/>\nMODBUS para<br \/>\ninterfaz<br \/>\ncon otros<br \/>\ndispositivos<br \/>\na distancia<\/span><\/h3>\n<p>[\/vc_column_text][\/vc_column][vc_column width=\u00bb1\/2&#8243;][\/vc_column][\/vc_row][vc_row full_width=\u00bbstretch_row\u00bb css=\u00bb.vc_custom_1742296859876{margin-top: 0px !important;padding-top: 0px !important;padding-bottom: 3vh !important;}\u00bb][vc_column width=\u00bb1\/6&#8243;][\/vc_column][vc_column width=\u00bb2\/3&#8243;][vc_empty_space height=\u00bb22px\u00bb][vc_column_text]<\/p>\n<h2 style=\"text-align: center;\"><strong>SENSOR DE \u00d3XIDO DE CIRCONIO<br \/>\n<\/strong><\/h2>\n<p>[\/vc_column_text][\/vc_column][vc_column width=\u00bb1\/6&#8243;][\/vc_column][\/vc_row][vc_row css=\u00bb.vc_custom_1742375442503{padding-top: 1vh !important;background-color: #515151 !important;}\u00bb][vc_column width=\u00bb1\/2&#8243;][vc_single_image image=\u00bb53401&#8243; img_size=\u00bblarge\u00bb alignment=\u00bbcenter\u00bb][\/vc_column][vc_column width=\u00bb1\/2&#8243;][vc_column_text]<\/p>\n<h5><span style=\"color: #ffffff;\"><strong>El medidor de ox\u00edgeno Uniflow GA-ZRO2<br \/>\nutiliza un sensor de \u00f3xido de circonio<br \/>\npara medir de forma continua el<br \/>\nporcentaje de ox\u00edgeno h\u00famedo<br \/>\npresente en los gases de combusti\u00f3n.<\/strong><\/span><\/h5>\n<h5><\/h5>\n<h5 style=\"text-align: right;\"><span style=\"color: #ffffff;\"><strong>La electr\u00f3nica de control del sensor<br \/>\nest\u00e1 integrada en la sonda<br \/>\ny linealiza la se\u00f1al de salida<br \/>\nen relaci\u00f3n con el valor de ox\u00edgeno medido.<\/strong><\/span><\/h5>\n<p>[\/vc_column_text][\/vc_column][\/vc_row][vc_row css=\u00bb.vc_custom_1701711085167{padding-top: 4vh !important;padding-bottom: 4vh !important;}\u00bb][vc_column width=\u00bb1\/6&#8243;][\/vc_column][vc_column width=\u00bb2\/3&#8243;][vc_empty_space][vc_column_text]<\/p>\n<h3 style=\"text-align: center;\">TECNOLOG\u00cdA DE MEDICI\u00d3N AVANZADA PARA CADA SITUACI\u00d3N<\/h3>\n<h4 lang=\"zxx\" style=\"text-align: center;\"><span style=\"font-family: Calibri, sans-serif;\">GA-ZRO2 es adecuado para aplicaciones industriales incluso en entornos dif\u00edciles, por ejemplo, combustibles de biomasa.<br \/>\n<\/span><\/h4>\n<h4 lang=\"zxx\" style=\"text-align: center;\"><span style=\"font-family: Calibri, sans-serif;\">Lleva integrada una funci\u00f3n de limpieza programable por pantalla.<\/span><\/h4>\n<p>[\/vc_column_text][\/vc_column][vc_column width=\u00bb1\/6&#8243;][\/vc_column][\/vc_row][vc_row full_width=\u00bbstretch_row\u00bb equal_height=\u00bbyes\u00bb css=\u00bb.vc_custom_1701712647664{padding-top: 4vh !important;padding-bottom: 4vh !important;}\u00bb][vc_column width=\u00bb1\/2&#8243; css=\u00bb.vc_custom_1701458310184{padding-top: 10% !important;padding-right: 10% !important;padding-bottom: 10% !important;padding-left: 10% !important;background-color: #f2f2f2 !important;}\u00bb][vc_column_text]<\/p>\n<p style=\"font-weight: 400;\"><span style=\"font-size: 14pt;\"><strong>Para informaci\u00f3n<br \/>\ncomercial sobre GA-ZRO2<br \/>\nrellene este formulario o escriba a:<\/strong><\/span><br \/>\n<span style=\"font-size: 14pt;\"><strong><a href=\"mailto:info@thesmartcombustion.com\">info@thesmartcombustion.com<\/a><\/strong><\/span><\/p>\n<p>[\/vc_column_text][vc_empty_space][vc_single_image image=\u00bb25316&#8243; img_size=\u00bbmedium\u00bb][vc_empty_space][vc_column_text]<\/p>\n<p style=\"font-weight: 400;\"><span style=\"font-size: 14pt;\">GA-ZRO2 UNIFLOW<br \/>\nes un producto<br \/>\nCIB Unigas S.p.A.<\/span><\/p>\n<p>[\/vc_column_text][\/vc_column][vc_column width=\u00bb1\/2&#8243; css=\u00bb.vc_custom_1701458372129{padding-top: 10% !important;padding-right: 10% !important;padding-bottom: 10% !important;padding-left: 10% !important;background-color: #515151 !important;}\u00bb][vc_column_text]<\/p>\n<h3><span style=\"color: #ffffff;\">Per info<\/span><\/h3>\n<p>[\/vc_column_text]\n<div class=\"wpcf7 no-js\" id=\"wpcf7-f2004-o1\" lang=\"it-IT\" dir=\"ltr\" data-wpcf7-id=\"2004\">\n<div class=\"screen-reader-response\"><p role=\"status\" aria-live=\"polite\" aria-atomic=\"true\"><\/p> <ul><\/ul><\/div>\n<form action=\"\/es\/wp-json\/wp\/v2\/pages\/53710#wpcf7-f2004-o1\" method=\"post\" class=\"wpcf7-form init\" aria-label=\"Modulo di contatto\" novalidate=\"novalidate\" data-status=\"init\">\n<fieldset class=\"hidden-fields-container\"><input type=\"hidden\" name=\"_wpcf7\" value=\"2004\" \/><input type=\"hidden\" name=\"_wpcf7_version\" value=\"6.1.4\" \/><input type=\"hidden\" name=\"_wpcf7_locale\" value=\"it_IT\" \/><input type=\"hidden\" name=\"_wpcf7_unit_tag\" value=\"wpcf7-f2004-o1\" \/><input type=\"hidden\" name=\"_wpcf7_container_post\" value=\"0\" \/><input type=\"hidden\" name=\"_wpcf7_posted_data_hash\" value=\"\" \/><input type=\"hidden\" name=\"_wpcf7_recaptcha_response\" value=\"\" \/>\n<\/fieldset>\n<div class=\"column one\">\n\t<p><label><span class=\"wpcf7-form-control-wrap\" data-name=\"your-name\"><input size=\"40\" maxlength=\"400\" class=\"wpcf7-form-control wpcf7-text wpcf7-validates-as-required\" aria-required=\"true\" aria-invalid=\"false\" placeholder=\"Nombre\" value=\"\" type=\"text\" name=\"your-name\" \/><\/span> <\/label>\n\t<\/p>\n<\/div>\n<div class=\"column one\">\n\t<p><label><span class=\"wpcf7-form-control-wrap\" data-name=\"your-email\"><input size=\"40\" maxlength=\"400\" class=\"wpcf7-form-control wpcf7-email wpcf7-validates-as-required wpcf7-text wpcf7-validates-as-email\" aria-required=\"true\" aria-invalid=\"false\" placeholder=\"E-mail\" value=\"\" type=\"email\" name=\"your-email\" \/><\/span> <\/label>\n\t<\/p>\n<\/div>\n<div class=\"column one\">\n\t<p><label><span class=\"wpcf7-form-control-wrap\" data-name=\"your-subject\"><input size=\"40\" maxlength=\"400\" class=\"wpcf7-form-control wpcf7-text\" aria-invalid=\"false\" placeholder=\"Sujeto\" value=\"\" type=\"text\" name=\"your-subject\" \/><\/span> <\/label>\n\t<\/p>\n<\/div>\n<div class=\"column one\">\n\t<p><label><span class=\"wpcf7-form-control-wrap\" data-name=\"your-message\"><textarea cols=\"40\" rows=\"5\" maxlength=\"2000\" class=\"wpcf7-form-control wpcf7-textarea\" aria-invalid=\"false\" placeholder=\"Mensaje\" name=\"your-message\"><\/textarea><\/span><\/label>\n\t<\/p>\n<\/div>\n<div class=\"column one\">\n\t<p><span class=\"wpcf7-form-control-wrap\" data-name=\"acceptance-697\"><span class=\"wpcf7-form-control wpcf7-acceptance\"><span class=\"wpcf7-list-item\"><label><input type=\"checkbox\" name=\"acceptance-697\" value=\"1\" aria-invalid=\"false\" \/><span class=\"wpcf7-list-item-label\"><font size=\"2.9\" color=\"#fff\"><b>\"Autorizar la privacidad\"<\/b> <a href=\"\/privacy-policy\/\"><b>Lee la informacion<\/b><\/a><\/font><\/span><\/label><\/span><\/span><\/span>\n\t<\/p>\n<\/div>\n<div class=\"column one\">\n\t<p><input class=\"wpcf7-form-control wpcf7-submit has-spinner button_full_width\" type=\"submit\" value=\"Enviar\" \/>\n\t<\/p>\n<\/div><p style=\"display: none !important;\" class=\"akismet-fields-container\" data-prefix=\"_wpcf7_ak_\"><label>&#916;<textarea name=\"_wpcf7_ak_hp_textarea\" cols=\"45\" rows=\"8\" maxlength=\"100\"><\/textarea><\/label><input type=\"hidden\" id=\"ak_js_1\" name=\"_wpcf7_ak_js\" value=\"249\"\/><script>document.getElementById( \"ak_js_1\" ).setAttribute( \"value\", ( new Date() ).getTime() );<\/script><\/p><div class=\"wpcf7-response-output\" aria-hidden=\"true\"><\/div>\n<\/form>\n<\/div>\n[\/vc_column][\/vc_row]<\/p>\n<\/section>","protected":false},"excerpt":{"rendered":"<p>[vc_row css=\u00bb.vc_custom_1701711122482{margin-top: 5vh !important;padding-bottom: 4vh !important;}\u00bb][vc_column][vc_single_image image=\u00bb25848&#8243; img_size=\u00bblarge\u00bb alignment=\u00bbcenter\u00bb][\/vc_column][\/vc_row][vc_row equal_height=\u00bbyes\u00bb content_placement=\u00bbmiddle\u00bb css=\u00bb.vc_custom_1742316216088{padding-top: 1vh !important;}\u00bb][vc_column width=\u00bb2\/3&#8243;][vc_column_text] ANALIZADOR EN CONTINUO UNIFLOW GA-ZRO2 [\/vc_column_text][\/vc_column][vc_column width=\u00bb1\/3&#8243;][vc_single_image image=\u00bb53353&#8243; img_size=\u00bblarge\u00bb alignment=\u00bbcenter\u00bb][\/vc_column][\/vc_row][vc_row full_width=\u00bbstretch_row\u00bb<span class=\"excerpt-hellip\"> [\u2026]<\/span><\/p>\n","protected":false},"author":36,"featured_media":0,"parent":0,"menu_order":0,"comment_status":"closed","ping_status":"closed","template":"","meta":{"_monsterinsights_skip_tracking":false,"_monsterinsights_sitenote_active":false,"_monsterinsights_sitenote_note":"","_monsterinsights_sitenote_category":0,"footnotes":""},"class_list":["post-53710","page","type-page","status-publish","hentry"],"yoast_head":"<!-- This site is optimized with the Yoast SEO plugin v27.3 - https:\/\/yoast.com\/product\/yoast-seo-wordpress\/ -->\n<title>Analizador GA-ZRO2 - The smart combustion<\/title>\n<meta name=\"robots\" content=\"index, follow, max-snippet:-1, max-image-preview:large, max-video-preview:-1\" \/>\n<link rel=\"canonical\" href=\"https:\/\/thesmartcombustion.com\/es\/analizador-ga-zro2\/\" \/>\n<meta property=\"og:locale\" content=\"es_ES\" \/>\n<meta property=\"og:type\" content=\"article\" \/>\n<meta property=\"og:title\" content=\"Analizador GA-ZRO2 - The smart combustion\" \/>\n<meta property=\"og:description\" content=\"[vc_row css=\u00bb.vc_custom_1701711122482{margin-top: 5vh !important;padding-bottom: 4vh !important;}\u00bb][vc_column][vc_single_image image=\u00bb25848&#8243; img_size=\u00bblarge\u00bb alignment=\u00bbcenter\u00bb][\/vc_column][\/vc_row][vc_row equal_height=\u00bbyes\u00bb content_placement=\u00bbmiddle\u00bb css=\u00bb.vc_custom_1742316216088{padding-top: 1vh !important;}\u00bb][vc_column width=\u00bb2\/3&#8243;][vc_column_text] ANALIZADOR EN CONTINUO UNIFLOW GA-ZRO2 [\/vc_column_text][\/vc_column][vc_column width=\u00bb1\/3&#8243;][vc_single_image image=\u00bb53353&#8243; img_size=\u00bblarge\u00bb alignment=\u00bbcenter\u00bb][\/vc_column][\/vc_row][vc_row full_width=\u00bbstretch_row\u00bb [\u2026]\" \/>\n<meta property=\"og:url\" content=\"https:\/\/thesmartcombustion.com\/es\/analizador-ga-zro2\/\" \/>\n<meta property=\"og:site_name\" content=\"The smart combustion\" \/>\n<meta property=\"article:modified_time\" content=\"2025-04-01T14:18:40+00:00\" \/>\n<meta property=\"og:image\" content=\"https:\/\/thesmartcombustion.com\/wp-content\/uploads\/2025\/03\/GAZRO2-UNIFLOW-icon-150x150.png\" \/>\n<meta name=\"twitter:card\" content=\"summary_large_image\" \/>\n<meta name=\"twitter:label1\" content=\"Tiempo de lectura\" \/>\n\t<meta name=\"twitter:data1\" content=\"5 minutos\" \/>\n<script type=\"application\/ld+json\" class=\"yoast-schema-graph\">{\"@context\":\"https:\\\/\\\/schema.org\",\"@graph\":[{\"@type\":\"WebPage\",\"@id\":\"https:\\\/\\\/thesmartcombustion.com\\\/es\\\/analizador-ga-zro2\\\/\",\"url\":\"https:\\\/\\\/thesmartcombustion.com\\\/es\\\/analizador-ga-zro2\\\/\",\"name\":\"Analizador GA-ZRO2 - The smart combustion\",\"isPartOf\":{\"@id\":\"https:\\\/\\\/thesmartcombustion.com\\\/#website\"},\"primaryImageOfPage\":{\"@id\":\"https:\\\/\\\/thesmartcombustion.com\\\/es\\\/analizador-ga-zro2\\\/#primaryimage\"},\"image\":{\"@id\":\"https:\\\/\\\/thesmartcombustion.com\\\/es\\\/analizador-ga-zro2\\\/#primaryimage\"},\"thumbnailUrl\":\"https:\\\/\\\/thesmartcombustion.com\\\/wp-content\\\/uploads\\\/2025\\\/03\\\/GAZRO2-UNIFLOW-icon-150x150.png\",\"datePublished\":\"2025-03-20T08:33:13+00:00\",\"dateModified\":\"2025-04-01T14:18:40+00:00\",\"breadcrumb\":{\"@id\":\"https:\\\/\\\/thesmartcombustion.com\\\/es\\\/analizador-ga-zro2\\\/#breadcrumb\"},\"inLanguage\":\"es\",\"potentialAction\":[{\"@type\":\"ReadAction\",\"target\":[\"https:\\\/\\\/thesmartcombustion.com\\\/es\\\/analizador-ga-zro2\\\/\"]}]},{\"@type\":\"ImageObject\",\"inLanguage\":\"es\",\"@id\":\"https:\\\/\\\/thesmartcombustion.com\\\/es\\\/analizador-ga-zro2\\\/#primaryimage\",\"url\":\"https:\\\/\\\/thesmartcombustion.com\\\/wp-content\\\/uploads\\\/2025\\\/03\\\/GAZRO2-UNIFLOW-icon-150x150.png\",\"contentUrl\":\"https:\\\/\\\/thesmartcombustion.com\\\/wp-content\\\/uploads\\\/2025\\\/03\\\/GAZRO2-UNIFLOW-icon-150x150.png\"},{\"@type\":\"BreadcrumbList\",\"@id\":\"https:\\\/\\\/thesmartcombustion.com\\\/es\\\/analizador-ga-zro2\\\/#breadcrumb\",\"itemListElement\":[{\"@type\":\"ListItem\",\"position\":1,\"name\":\"Home\",\"item\":\"https:\\\/\\\/thesmartcombustion.com\\\/es\\\/\"},{\"@type\":\"ListItem\",\"position\":2,\"name\":\"Analizador GA-ZRO2\"}]},{\"@type\":\"WebSite\",\"@id\":\"https:\\\/\\\/thesmartcombustion.com\\\/#website\",\"url\":\"https:\\\/\\\/thesmartcombustion.com\\\/\",\"name\":\"The smart combustion\",\"description\":\"FACILE il nuovo prodotto di CIB Unigas\",\"potentialAction\":[{\"@type\":\"SearchAction\",\"target\":{\"@type\":\"EntryPoint\",\"urlTemplate\":\"https:\\\/\\\/thesmartcombustion.com\\\/?s={search_term_string}\"},\"query-input\":{\"@type\":\"PropertyValueSpecification\",\"valueRequired\":true,\"valueName\":\"search_term_string\"}}],\"inLanguage\":\"es\"}]}<\/script>\n<!-- \/ Yoast SEO plugin. -->","yoast_head_json":{"title":"Analizador GA-ZRO2 - The smart combustion","robots":{"index":"index","follow":"follow","max-snippet":"max-snippet:-1","max-image-preview":"max-image-preview:large","max-video-preview":"max-video-preview:-1"},"canonical":"https:\/\/thesmartcombustion.com\/es\/analizador-ga-zro2\/","og_locale":"es_ES","og_type":"article","og_title":"Analizador GA-ZRO2 - The smart combustion","og_description":"[vc_row css=\u00bb.vc_custom_1701711122482{margin-top: 5vh !important;padding-bottom: 4vh !important;}\u00bb][vc_column][vc_single_image image=\u00bb25848&#8243; img_size=\u00bblarge\u00bb alignment=\u00bbcenter\u00bb][\/vc_column][\/vc_row][vc_row equal_height=\u00bbyes\u00bb content_placement=\u00bbmiddle\u00bb css=\u00bb.vc_custom_1742316216088{padding-top: 1vh !important;}\u00bb][vc_column width=\u00bb2\/3&#8243;][vc_column_text] ANALIZADOR EN CONTINUO UNIFLOW GA-ZRO2 [\/vc_column_text][\/vc_column][vc_column width=\u00bb1\/3&#8243;][vc_single_image image=\u00bb53353&#8243; img_size=\u00bblarge\u00bb alignment=\u00bbcenter\u00bb][\/vc_column][\/vc_row][vc_row full_width=\u00bbstretch_row\u00bb [\u2026]","og_url":"https:\/\/thesmartcombustion.com\/es\/analizador-ga-zro2\/","og_site_name":"The smart combustion","article_modified_time":"2025-04-01T14:18:40+00:00","og_image":[{"url":"https:\/\/thesmartcombustion.com\/wp-content\/uploads\/2025\/03\/GAZRO2-UNIFLOW-icon-150x150.png","type":"","width":"","height":""}],"twitter_card":"summary_large_image","twitter_misc":{"Tiempo de lectura":"5 minutos"},"schema":{"@context":"https:\/\/schema.org","@graph":[{"@type":"WebPage","@id":"https:\/\/thesmartcombustion.com\/es\/analizador-ga-zro2\/","url":"https:\/\/thesmartcombustion.com\/es\/analizador-ga-zro2\/","name":"Analizador GA-ZRO2 - The smart combustion","isPartOf":{"@id":"https:\/\/thesmartcombustion.com\/#website"},"primaryImageOfPage":{"@id":"https:\/\/thesmartcombustion.com\/es\/analizador-ga-zro2\/#primaryimage"},"image":{"@id":"https:\/\/thesmartcombustion.com\/es\/analizador-ga-zro2\/#primaryimage"},"thumbnailUrl":"https:\/\/thesmartcombustion.com\/wp-content\/uploads\/2025\/03\/GAZRO2-UNIFLOW-icon-150x150.png","datePublished":"2025-03-20T08:33:13+00:00","dateModified":"2025-04-01T14:18:40+00:00","breadcrumb":{"@id":"https:\/\/thesmartcombustion.com\/es\/analizador-ga-zro2\/#breadcrumb"},"inLanguage":"es","potentialAction":[{"@type":"ReadAction","target":["https:\/\/thesmartcombustion.com\/es\/analizador-ga-zro2\/"]}]},{"@type":"ImageObject","inLanguage":"es","@id":"https:\/\/thesmartcombustion.com\/es\/analizador-ga-zro2\/#primaryimage","url":"https:\/\/thesmartcombustion.com\/wp-content\/uploads\/2025\/03\/GAZRO2-UNIFLOW-icon-150x150.png","contentUrl":"https:\/\/thesmartcombustion.com\/wp-content\/uploads\/2025\/03\/GAZRO2-UNIFLOW-icon-150x150.png"},{"@type":"BreadcrumbList","@id":"https:\/\/thesmartcombustion.com\/es\/analizador-ga-zro2\/#breadcrumb","itemListElement":[{"@type":"ListItem","position":1,"name":"Home","item":"https:\/\/thesmartcombustion.com\/es\/"},{"@type":"ListItem","position":2,"name":"Analizador GA-ZRO2"}]},{"@type":"WebSite","@id":"https:\/\/thesmartcombustion.com\/#website","url":"https:\/\/thesmartcombustion.com\/","name":"The smart combustion","description":"FACILE il nuovo prodotto di CIB Unigas","potentialAction":[{"@type":"SearchAction","target":{"@type":"EntryPoint","urlTemplate":"https:\/\/thesmartcombustion.com\/?s={search_term_string}"},"query-input":{"@type":"PropertyValueSpecification","valueRequired":true,"valueName":"search_term_string"}}],"inLanguage":"es"}]}},"_links":{"self":[{"href":"https:\/\/thesmartcombustion.com\/es\/wp-json\/wp\/v2\/pages\/53710","targetHints":{"allow":["GET"]}}],"collection":[{"href":"https:\/\/thesmartcombustion.com\/es\/wp-json\/wp\/v2\/pages"}],"about":[{"href":"https:\/\/thesmartcombustion.com\/es\/wp-json\/wp\/v2\/types\/page"}],"author":[{"embeddable":true,"href":"https:\/\/thesmartcombustion.com\/es\/wp-json\/wp\/v2\/users\/36"}],"replies":[{"embeddable":true,"href":"https:\/\/thesmartcombustion.com\/es\/wp-json\/wp\/v2\/comments?post=53710"}],"version-history":[{"count":0,"href":"https:\/\/thesmartcombustion.com\/es\/wp-json\/wp\/v2\/pages\/53710\/revisions"}],"wp:attachment":[{"href":"https:\/\/thesmartcombustion.com\/es\/wp-json\/wp\/v2\/media?parent=53710"}],"curies":[{"name":"wp","href":"https:\/\/api.w.org\/{rel}","templated":true}]}}